{"id":1377,"date":"2020-09-30T13:59:07","date_gmt":"2020-09-30T10:59:07","guid":{"rendered":"http:\/\/tardigrade.com.tr\/?page_id=1377"},"modified":"2021-01-18T15:11:19","modified_gmt":"2021-01-18T12:11:19","slug":"casting-resins","status":"publish","type":"page","link":"https:\/\/www.tardigrade.com.tr\/en\/casting-resins\/","title":{"rendered":"CASTING RESINS"},"content":{"rendered":"\t<section class=\"section has-mask mask-angled-right-large\" id=\"section_394682464\">\n\t\t<div class=\"bg section-bg fill bg-fill  \" >\n\n\t\t\t\n\t\t\t\n\t\t\t\n\n\t\t<\/div>\n\n\t\t<div class=\"section-content relative\">\n\t\t\t\n\t\t<\/div>\n\n\t\t\n<style>\n#section_394682464 {\n  padding-top: 174px;\n  padding-bottom: 174px;\n  min-height: 452px;\n}\n#section_394682464 .section-bg.bg-loaded {\n  background-image: url(https:\/\/www.tardigrade.com.tr\/wp-content\/uploads\/2020\/03\/4-dokum-recineleri.jpg);\n}\n#section_394682464 .section-bg {\n  background-position: 50% 20%;\n}\n<\/style>\n\t<\/section>\n\t\n  <div id=\"page-header-2038720134\" class=\"page-header-wrapper\">\n  <div class=\"page-title light divided-title\">\n\n    \n    <div class=\"page-title-inner container align-center flex-row medium-flex-wrap\" >\n              <div class=\"title-wrapper uppercase flex-col text-left medium-text-center\">\n          <h1 class=\"entry-title mb-0\">\n            CASTING RESINS          <\/h1>\n        <\/div>\n                    <div class=\"title-content flex-col flex-right text-right medium-text-center\">\n              <\/div>\n    <\/div>\n\n       <\/div>\n  <div class=\"container header-wrapper-divider\"><hr\/><\/div>  <\/div>\n  \n<div class=\"row row-small hide-for-small\"  id=\"row-1948287679\">\n\n\t<div id=\"col-867279583\" class=\"col medium-12 small-12 large-6\"  data-animate=\"fadeInLeft\">\n\t\t<div class=\"col-inner\"  >\n\t\t\t\n\t\t\t\n\t<div class=\"img has-hover x md-x lg-x y md-y lg-y\" id=\"image_1948736341\">\n\t\t<a class=\"image-lightbox lightbox-gallery\" title=\"\" href=\"https:\/\/www.tardigrade.com.tr\/wp-content\/uploads\/2020\/03\/dokum-main.png\">\t\t\t\t\t\t<div class=\"img-inner dark\" >\n\t\t\t<img width=\"1020\" height=\"958\" src=\"https:\/\/www.tardigrade.com.tr\/wp-content\/uploads\/2020\/03\/dokum-main-1024x962.png\" class=\"attachment-large size-large\" alt=\"\" loading=\"lazy\" srcset=\"https:\/\/www.tardigrade.com.tr\/wp-content\/uploads\/2020\/03\/dokum-main-1024x962.png 1024w, https:\/\/www.tardigrade.com.tr\/wp-content\/uploads\/2020\/03\/dokum-main-600x563.png 600w, https:\/\/www.tardigrade.com.tr\/wp-content\/uploads\/2020\/03\/dokum-main-300x282.png 300w, https:\/\/www.tardigrade.com.tr\/wp-content\/uploads\/2020\/03\/dokum-main-768x721.png 768w, https:\/\/www.tardigrade.com.tr\/wp-content\/uploads\/2020\/03\/dokum-main.png 1067w\" sizes=\"(max-width: 1020px) 100vw, 1020px\" \/>\t\t\t\t\t\t\n\t\t\t\t\t<\/div>\n\t\t\t\t\t\t<\/a>\t\t\n<style>\n#image_1948736341 {\n  width: 100%;\n}\n<\/style>\n\t<\/div>\n\t\n<div class=\"row row-collapse\"  id=\"row-668234324\">\n\n\t<div id=\"col-1597470373\" class=\"col medium-6 small-12 large-6\"  >\n\t\t<div class=\"col-inner\"  >\n\t\t\t\n\t\t\t\n<div style=\"font-size: 80%;\">\n<h2><strong>CRYSTAL-TRANSPARENT<br \/>RESIN SOLUTIONS <\/strong><\/h2>\n<p>When exceptional clarity and results are needed, Tardigrade\u2019s clear casting resins:<\/p>\n<ul>\n<li>Have a refractive index similar to glass<\/li>\n<li>Are compatible with modeling and molding applications<\/li>\n<li>Produce stunning effects for decorative objects<\/li>\n<li>Provide advanced technology features<\/li>\n<li>Are non-allergenic<\/li>\n<li>And have low VOCs<\/li>\n<\/ul>\n<\/div>\n\t\t<\/div>\n\t\t\t<\/div>\n\n\t\n\n\t<div id=\"col-1766748965\" class=\"col medium-6 small-12 large-6\"  >\n\t\t<div class=\"col-inner\"  >\n\t\t\t\n\t\t\t\n<div style=\"font-size: 85%;\">\n<p>Industry demands fast curing resins with enhanced mechanical properties such as volume, mass thermal conductivity and waterproofing. Tardigrade\u2019s next-generation chemistry culture line of fast curing resins can be used for casting, filling, cutting, molding, mold compaction and are compatible to be used in conjunction with their hard-working epoxy, polyurethane, polyurea and polyaspartic resin systems.<\/p>\n<p>Additionally, each system can also be formulated to provide UV protection while allowing manufactures the ability to produce long-lasting products designed for use in outdoor spaces.<\/p>\n<\/div>\n\t\t<\/div>\n\t\t\t<\/div>\n\n\t\n<\/div>\n\t\t<\/div>\n\t\t\t<\/div>\n\n\t\n\n\t<div id=\"col-121983850\" class=\"col medium-12 small-12 large-6\"  data-animate=\"fadeInRight\">\n\t\t<div class=\"col-inner\"  >\n\t\t\t\n\t\t\t\n<div class=\"row row-small\"  id=\"row-193339131\">\n\n\t<div id=\"col-18700043\" class=\"col medium-6 small-12 large-6\"  >\n\t\t<div class=\"col-inner\"  >\n\t\t\t\n\t\t\t\n\t<div class=\"img has-hover x md-x lg-x y md-y lg-y\" id=\"image_410176726\">\n\t\t<a class=\"image-lightbox lightbox-gallery\" title=\"\" href=\"https:\/\/www.tardigrade.com.tr\/wp-content\/uploads\/2020\/03\/1-1.jpg\">\t\t\t\t\t\t<div class=\"img-inner dark\" >\n\t\t\t<img width=\"554\" height=\"980\" src=\"https:\/\/www.tardigrade.com.tr\/wp-content\/uploads\/2020\/03\/1-1.jpg\" class=\"attachment-large size-large\" alt=\"\" loading=\"lazy\" srcset=\"https:\/\/www.tardigrade.com.tr\/wp-content\/uploads\/2020\/03\/1-1.jpg 554w, https:\/\/www.tardigrade.com.tr\/wp-content\/uploads\/2020\/03\/1-1-170x300.jpg 170w\" sizes=\"(max-width: 554px) 100vw, 554px\" \/>\t\t\t\t\t\t\n\t\t\t\t\t<\/div>\n\t\t\t\t\t\t<\/a>\t\t\n<style>\n#image_410176726 {\n  width: 100%;\n}\n<\/style>\n\t<\/div>\n\t\n<div style=\"font-size: 82%;\">\n<p><strong>EPOXY CASTING RESINS<\/strong><\/p>\n<p>Casting materials created with epoxy resins system are more user friendly and less toxic while providing sufficient flexibility and durability compared to low performance resin systems.<\/p>\n<p><strong>POL\u0130\u00dcRETAN D\u00d6K\u00dcM RE\u00c7\u0130NELER\u0130<\/strong><\/p>\n<p>Casting materials created with polyurethane resin systems offer very good impact resistance and can be designed with exceptional flexibility when needed. Compared to other low performance resin systems, Tardigrade\u2019s polyurethane casting resins are fast curing (surface drying) with a non-offensive odor, feature excellent thermal stability and low heat resistance, making them a stand out product solutions.<\/p>\n<\/div>\n\t\t<\/div>\n\t\t\t<\/div>\n\n\t\n\n\t<div id=\"col-541005909\" class=\"col medium-6 small-12 large-6\"  >\n\t\t<div class=\"col-inner\"  >\n\t\t\t\n\t\t\t\n<div style=\"font-size: 80%;\">\n<p>Unlike other thermoplastics, our two-component, solvent-free curing\/solidifying resin feature a thermoset structure that does not produce a cross-linking chemical reaction during final production. <\/p>\n<p>Typical uses of casting resins:<\/p>\n<ul>\n<li>Casting and manufacturing of electrical components (transformers, insulators, capacitors, semiconductors, assemblies)<\/li>\n<li>Covering open contact points (underground cable branches such as arms, energy and telephone lines) for cables and wires<\/li>\n<li>Melting pot components<\/li>\n<li>Rapid prototyping<\/li>\n<li>Building and Monument restoration<\/li>\n<li>Manufacturing of casting molds<\/li>\n<li>Model creation (streams, rivers, lakes, replicas, etc.)<\/li>\n<li>Scratch and weatherproof surface protection by creating cold glaze<\/li>\n<li>The creation of glaze-like surfaces for colored or colorless crafts<\/li>\n<\/ul>\n<\/div>\n\t<div class=\"img has-hover x md-x lg-x y md-y lg-y\" id=\"image_221891656\">\n\t\t<a class=\"image-lightbox lightbox-gallery\" title=\"\" href=\"https:\/\/www.tardigrade.com.tr\/wp-content\/uploads\/2020\/03\/2-4.jpg\">\t\t\t\t\t\t<div class=\"img-inner image-cover dark\" style=\"padding-top:125%;\">\n\t\t\t<img width=\"554\" height=\"828\" src=\"https:\/\/www.tardigrade.com.tr\/wp-content\/uploads\/2020\/03\/2-4.jpg\" class=\"attachment-large size-large\" alt=\"\" loading=\"lazy\" srcset=\"https:\/\/www.tardigrade.com.tr\/wp-content\/uploads\/2020\/03\/2-4.jpg 554w, https:\/\/www.tardigrade.com.tr\/wp-content\/uploads\/2020\/03\/2-4-201x300.jpg 201w\" sizes=\"(max-width: 554px) 100vw, 554px\" \/>\t\t\t\t\t\t\n\t\t\t\t\t<\/div>\n\t\t\t\t\t\t<\/a>\t\t\n<style>\n#image_221891656 {\n  width: 100%;\n}\n<\/style>\n\t<\/div>\n\t\n\t\t<\/div>\n\t\t\t<\/div>\n\n\t\n<\/div>\n\t\t<\/div>\n\t\t\t<\/div>\n\n\t\n\n<style>\n#row-1948287679 > .col > .col-inner {\n  padding: 0px 0px 0px 0px;\n}\n@media (min-width:850px) {\n  #row-1948287679 > .col > .col-inner {\n    padding: 0px 0px 0px 0px;\n  }\n}\n<\/style>\n<\/div>\n<div class=\"row row-small show-for-small\"  id=\"row-110373304\">\n\n\t<div id=\"col-309678477\" class=\"col medium-12 small-12 large-6\"  data-animate=\"fadeInLeft\">\n\t\t<div class=\"col-inner\"  >\n\t\t\t\n\t\t\t\n\t<div class=\"img has-hover x md-x lg-x y md-y lg-y\" id=\"image_211761177\">\n\t\t<a class=\"image-lightbox lightbox-gallery\" title=\"\" href=\"https:\/\/www.tardigrade.com.tr\/wp-content\/uploads\/2020\/03\/dokum-main.png\">\t\t\t\t\t\t<div class=\"img-inner dark\" >\n\t\t\t<img width=\"1020\" height=\"958\" src=\"https:\/\/www.tardigrade.com.tr\/wp-content\/uploads\/2020\/03\/dokum-main-1024x962.png\" class=\"attachment-large size-large\" alt=\"\" loading=\"lazy\" srcset=\"https:\/\/www.tardigrade.com.tr\/wp-content\/uploads\/2020\/03\/dokum-main-1024x962.png 1024w, https:\/\/www.tardigrade.com.tr\/wp-content\/uploads\/2020\/03\/dokum-main-600x563.png 600w, https:\/\/www.tardigrade.com.tr\/wp-content\/uploads\/2020\/03\/dokum-main-300x282.png 300w, https:\/\/www.tardigrade.com.tr\/wp-content\/uploads\/2020\/03\/dokum-main-768x721.png 768w, https:\/\/www.tardigrade.com.tr\/wp-content\/uploads\/2020\/03\/dokum-main.png 1067w\" sizes=\"(max-width: 1020px) 100vw, 1020px\" \/>\t\t\t\t\t\t\n\t\t\t\t\t<\/div>\n\t\t\t\t\t\t<\/a>\t\t\n<style>\n#image_211761177 {\n  width: 100%;\n}\n<\/style>\n\t<\/div>\n\t\n<div class=\"row row-collapse\"  id=\"row-535757355\">\n\n\t<div id=\"col-998254761\" class=\"col medium-6 small-12 large-6\"  >\n\t\t<div class=\"col-inner\"  >\n\t\t\t\n\t\t\t\n<div style=\"font-size: 80%;\">\n<h2><strong>CRYSTAL-TRANSPARENT<br \/>RESIN SOLUTIONS <\/strong><\/h2>\n<p>When exceptional clarity and results are needed, Tardigrade\u2019s clear casting resins:<\/p>\n<ul>\n<li>Have a refractive index similar to glass<\/li>\n<li>Are compatible with modeling and molding applications<\/li>\n<li>Produce stunning effects for decorative objects<\/li>\n<li>Provide advanced technology features<\/li>\n<li>Are non-allergenic<\/li>\n<li>And have low VOCs<\/li>\n<\/ul>\n<\/div>\n\t\t<\/div>\n\t\t\t<\/div>\n\n\t\n\n\t<div id=\"col-563241622\" class=\"col medium-6 small-12 large-6\"  >\n\t\t<div class=\"col-inner\"  >\n\t\t\t\n\t\t\t\n<div style=\"font-size: 85%;\">\n<p>Industry demands fast curing resins with enhanced mechanical properties such as volume, mass thermal conductivity and waterproofing. Tardigrade\u2019s next-generation chemistry culture line of fast curing resins can be used for casting, filling, cutting, molding, mold compaction and are compatible to be used in conjunction with their hard-working epoxy, polyurethane, polyurea and polyaspartic resin systems.<\/p>\n<p>Additionally, each system can also be formulated to provide UV protection while allowing manufactures the ability to produce long-lasting products designed for use in outdoor spaces.<\/p>\n<\/div>\n\t\t<\/div>\n\t\t\t<\/div>\n\n\t\n<\/div>\n\t\t<\/div>\n\t\t\t<\/div>\n\n\t\n\n\t<div id=\"col-612849803\" class=\"col medium-12 small-12 large-6\"  data-animate=\"fadeInRight\">\n\t\t<div class=\"col-inner\"  >\n\t\t\t\n\t\t\t\n<div class=\"row row-small\"  id=\"row-227667040\">\n\n\t<div id=\"col-938553957\" class=\"col medium-6 small-12 large-6\"  >\n\t\t<div class=\"col-inner\"  >\n\t\t\t\n\t\t\t\n\t<div class=\"img has-hover x md-x lg-x y md-y lg-y\" id=\"image_339554940\">\n\t\t<a class=\"image-lightbox lightbox-gallery\" title=\"\" href=\"https:\/\/www.tardigrade.com.tr\/wp-content\/uploads\/2020\/03\/1-1.jpg\">\t\t\t\t\t\t<div class=\"img-inner dark\" >\n\t\t\t<img width=\"554\" height=\"980\" src=\"https:\/\/www.tardigrade.com.tr\/wp-content\/uploads\/2020\/03\/1-1.jpg\" class=\"attachment-large size-large\" alt=\"\" loading=\"lazy\" srcset=\"https:\/\/www.tardigrade.com.tr\/wp-content\/uploads\/2020\/03\/1-1.jpg 554w, https:\/\/www.tardigrade.com.tr\/wp-content\/uploads\/2020\/03\/1-1-170x300.jpg 170w\" sizes=\"(max-width: 554px) 100vw, 554px\" \/>\t\t\t\t\t\t\n\t\t\t\t\t<\/div>\n\t\t\t\t\t\t<\/a>\t\t\n<style>\n#image_339554940 {\n  width: 100%;\n}\n<\/style>\n\t<\/div>\n\t\n<div style=\"font-size: 82%;\">\n<p><strong>EPOXY CASTING RESINS<\/strong><\/p>\n<p>Casting materials created with epoxy resins system are more user friendly and less toxic while providing sufficient flexibility and durability compared to low performance resin systems.<\/p>\n<p><strong>POL\u0130\u00dcRETAN D\u00d6K\u00dcM RE\u00c7\u0130NELER\u0130<\/strong><\/p>\n<p>Casting materials created with polyurethane resin systems offer very good impact resistance and can be designed with exceptional flexibility when needed. Compared to other low performance resin systems, Tardigrade\u2019s polyurethane casting resins are fast curing (surface drying) with a non-offensive odor, feature excellent thermal stability and low heat resistance, making them a stand out product solutions.<\/p>\n<\/div>\n\t\t<\/div>\n\t\t\t<\/div>\n\n\t\n\n\t<div id=\"col-494447118\" class=\"col medium-6 small-12 large-6\"  >\n\t\t<div class=\"col-inner\"  >\n\t\t\t\n\t\t\t\n<div style=\"font-size: 80%;\">\n<p>Unlike other thermoplastics, our two-component, solvent-free curing\/solidifying resin feature a thermoset structure that does not produce a cross-linking chemical reaction during final production. <\/p>\n<p>Typical uses of casting resins:<\/p>\n<ul>\n<li>Casting and manufacturing of electrical components (transformers, insulators, capacitors, semiconductors, assemblies)<\/li>\n<li>Covering open contact points (underground cable branches such as arms, energy and telephone lines) for cables and wires<\/li>\n<li>Melting pot components<\/li>\n<li>Rapid prototyping<\/li>\n<li>Building and Monument restoration<\/li>\n<li>Manufacturing of casting molds<\/li>\n<li>Model creation (streams, rivers, lakes, replicas, etc.)<\/li>\n<li>Scratch and weatherproof surface protection by creating cold glaze<\/li>\n<li>The creation of glaze-like surfaces for colored or colorless crafts<\/li>\n<\/ul>\n<\/div>\n\t<div class=\"img has-hover x md-x lg-x y md-y lg-y\" id=\"image_1038221765\">\n\t\t<a class=\"image-lightbox lightbox-gallery\" title=\"\" href=\"https:\/\/www.tardigrade.com.tr\/wp-content\/uploads\/2020\/03\/2-4.jpg\">\t\t\t\t\t\t<div class=\"img-inner image-cover dark\" style=\"padding-top:125%;\">\n\t\t\t<img width=\"554\" height=\"828\" src=\"https:\/\/www.tardigrade.com.tr\/wp-content\/uploads\/2020\/03\/2-4.jpg\" class=\"attachment-large size-large\" alt=\"\" loading=\"lazy\" srcset=\"https:\/\/www.tardigrade.com.tr\/wp-content\/uploads\/2020\/03\/2-4.jpg 554w, https:\/\/www.tardigrade.com.tr\/wp-content\/uploads\/2020\/03\/2-4-201x300.jpg 201w\" sizes=\"(max-width: 554px) 100vw, 554px\" \/>\t\t\t\t\t\t\n\t\t\t\t\t<\/div>\n\t\t\t\t\t\t<\/a>\t\t\n<style>\n#image_1038221765 {\n  width: 100%;\n}\n<\/style>\n\t<\/div>\n\t\n\t\t<\/div>\n\t\t\t<\/div>\n\n\t\n<\/div>\n\t\t<\/div>\n\t\t\t<\/div>\n\n\t\n\n<style>\n#row-110373304 > .col > .col-inner {\n  padding: 0px 0px 0px 0px;\n}\n@media (min-width:850px) {\n  #row-110373304 > .col > .col-inner {\n    padding: 0px 0px 0px 0px;\n  }\n}\n<\/style>\n<\/div>\n\t<section class=\"section\" id=\"section_1937068873\">\n\t\t<div class=\"bg section-bg fill bg-fill  \" >\n\n\t\t\t\n\t\t\t\n\t\t\t\n\t<div class=\"is-border\"\n\t\tstyle=\"border-color:rgb(235, 235, 235);border-width:0px 0px 0px 0px;\">\n\t<\/div>\n\n\t\t<\/div>\n\n\t\t<div class=\"section-content relative\">\n\t\t\t\n<div class=\"row\"  id=\"row-946469306\">\n\n\t<div id=\"col-798617055\" class=\"col medium-6 small-12 large-6\"  >\n\t\t<div class=\"col-inner\"  >\n\t\t\t\n\t\t\t\n\t<div class=\"img has-hover x md-x lg-x y md-y lg-y\" id=\"image_530292980\">\n\t\t\t\t\t\t\t\t<div class=\"img-inner dark\" >\n\t\t\t<img width=\"1020\" height=\"462\" src=\"https:\/\/www.tardigrade.com.tr\/wp-content\/uploads\/2020\/03\/3-4-1024x464.jpg\" class=\"attachment-large size-large\" alt=\"\" loading=\"lazy\" srcset=\"https:\/\/www.tardigrade.com.tr\/wp-content\/uploads\/2020\/03\/3-4-1024x464.jpg 1024w, https:\/\/www.tardigrade.com.tr\/wp-content\/uploads\/2020\/03\/3-4-600x272.jpg 600w, https:\/\/www.tardigrade.com.tr\/wp-content\/uploads\/2020\/03\/3-4-300x136.jpg 300w, https:\/\/www.tardigrade.com.tr\/wp-content\/uploads\/2020\/03\/3-4-768x348.jpg 768w, https:\/\/www.tardigrade.com.tr\/wp-content\/uploads\/2020\/03\/3-4.jpg 1134w\" sizes=\"(max-width: 1020px) 100vw, 1020px\" \/>\t\t\t\t\t\t\n\t\t\t\t\t<\/div>\n\t\t\t\t\t\t\t\t\n<style>\n#image_530292980 {\n  width: 100%;\n}\n<\/style>\n\t<\/div>\n\t\n<div class=\"is-divider divider clearfix\" style=\"margin-top:0.6em;margin-bottom:0.6em;max-width:100%;height:2px;\"><\/div>\n\t<div class=\"img has-hover hide-for-medium x md-x lg-x y md-y lg-y\" id=\"image_1888949047\">\n\t\t\t\t\t\t\t\t<div class=\"img-inner image-cover dark\" style=\"padding-top:106%;\">\n\t\t\t<img width=\"1020\" height=\"982\" src=\"https:\/\/www.tardigrade.com.tr\/wp-content\/uploads\/2020\/03\/4-4-1024x986.jpg\" class=\"attachment-large size-large\" alt=\"\" loading=\"lazy\" srcset=\"https:\/\/www.tardigrade.com.tr\/wp-content\/uploads\/2020\/03\/4-4-1024x986.jpg 1024w, https:\/\/www.tardigrade.com.tr\/wp-content\/uploads\/2020\/03\/4-4-600x578.jpg 600w, https:\/\/www.tardigrade.com.tr\/wp-content\/uploads\/2020\/03\/4-4-300x289.jpg 300w, https:\/\/www.tardigrade.com.tr\/wp-content\/uploads\/2020\/03\/4-4-768x740.jpg 768w, https:\/\/www.tardigrade.com.tr\/wp-content\/uploads\/2020\/03\/4-4.jpg 1134w\" sizes=\"(max-width: 1020px) 100vw, 1020px\" \/>\t\t\t\t\t\t\n\t\t\t\t\t<\/div>\n\t\t\t\t\t\t\t\t\n<style>\n#image_1888949047 {\n  width: 100%;\n}\n<\/style>\n\t<\/div>\n\t\n\t<div class=\"img has-hover show-for-medium hide-for-small x md-x lg-x y md-y lg-y\" id=\"image_130939382\">\n\t\t\t\t\t\t\t\t<div class=\"img-inner image-cover dark\" style=\"padding-top:170%;\">\n\t\t\t<img width=\"1020\" height=\"982\" src=\"https:\/\/www.tardigrade.com.tr\/wp-content\/uploads\/2020\/03\/4-4-1024x986.jpg\" class=\"attachment-large size-large\" alt=\"\" loading=\"lazy\" srcset=\"https:\/\/www.tardigrade.com.tr\/wp-content\/uploads\/2020\/03\/4-4-1024x986.jpg 1024w, https:\/\/www.tardigrade.com.tr\/wp-content\/uploads\/2020\/03\/4-4-600x578.jpg 600w, https:\/\/www.tardigrade.com.tr\/wp-content\/uploads\/2020\/03\/4-4-300x289.jpg 300w, https:\/\/www.tardigrade.com.tr\/wp-content\/uploads\/2020\/03\/4-4-768x740.jpg 768w, https:\/\/www.tardigrade.com.tr\/wp-content\/uploads\/2020\/03\/4-4.jpg 1134w\" sizes=\"(max-width: 1020px) 100vw, 1020px\" \/>\t\t\t\t\t\t\n\t\t\t\t\t<\/div>\n\t\t\t\t\t\t\t\t\n<style>\n#image_130939382 {\n  width: 100%;\n}\n<\/style>\n\t<\/div>\n\t\n\t\t<\/div>\n\t\t\t<\/div>\n\n\t\n\n\t<div id=\"col-2066429779\" class=\"col medium-6 small-12 large-6\"  >\n\t\t<div class=\"col-inner\"  >\n\t\t\t\n\t\t\t\n\t<div class=\"img has-hover x md-x lg-x y md-y lg-y\" id=\"image_1127606270\">\n\t\t\t\t\t\t\t\t<div class=\"img-inner dark\" >\n\t\t\t<img width=\"1020\" height=\"982\" src=\"https:\/\/www.tardigrade.com.tr\/wp-content\/uploads\/2020\/03\/5-4-1024x986.jpg\" class=\"attachment-large size-large\" alt=\"\" loading=\"lazy\" srcset=\"https:\/\/www.tardigrade.com.tr\/wp-content\/uploads\/2020\/03\/5-4-1024x986.jpg 1024w, https:\/\/www.tardigrade.com.tr\/wp-content\/uploads\/2020\/03\/5-4-600x578.jpg 600w, https:\/\/www.tardigrade.com.tr\/wp-content\/uploads\/2020\/03\/5-4-300x289.jpg 300w, https:\/\/www.tardigrade.com.tr\/wp-content\/uploads\/2020\/03\/5-4-768x740.jpg 768w, https:\/\/www.tardigrade.com.tr\/wp-content\/uploads\/2020\/03\/5-4.jpg 1134w\" sizes=\"(max-width: 1020px) 100vw, 1020px\" \/>\t\t\t\t\t\t\n\t\t\t\t\t<\/div>\n\t\t\t\t\t\t\t\t\n<style>\n#image_1127606270 {\n  width: 100%;\n}\n<\/style>\n\t<\/div>\n\t\n<div class=\"row row-collapse\"  id=\"row-44529063\">\n\n\t<div id=\"col-780397367\" class=\"col medium-6 small-12 large-6\"  >\n\t\t<div class=\"col-inner\"  >\n\t\t\t\n\t\t\t\n<div style=\"font-size: 81%;\">\n<div><strong>CASTING CHARACTERISTICS<\/strong><\/div>\n<p>Depending on the application, the following final properties usually express the general character of cured casting resin:<\/p>\n<ul>\n<li>Mechanical properties such as strength, elasticity, hardness, fracture toughness<\/li>\n<li>Thermal or thermo-mechanical properties such as expansion coefficient, heat resistance, thermal conductivity, glassy transition temperature<\/li>\n<li>Electrical properties such as dielectric strength, waterproofing resistance, permeability, monitoring resistance<\/li>\n<\/ul>\n<\/div>\n\t\t<\/div>\n\t\t\t<\/div>\n\n\t\n\n\t<div id=\"col-151604086\" class=\"col medium-6 small-12 large-6\"  >\n\t\t<div class=\"col-inner\"  >\n\t\t\t\n\t\t\t\n<div style=\"font-size: 80%;\">\n<div>The liquid properties of casting resins, which are important during processing and hardening, are as follows:<\/div>\n<ul>\n<li>Viscosity: If the body or shape to be poured has small gaps or openings, perfect bubble-free casting is only possible when the viscosity is low enough<\/li>\n<li>Reactivity: The reaction rate of the cross-linking reaction determines the CAP life and viscosity which is directly dependent on the curing time<\/li>\n<li>Protection: Casting resin is used for electrical waterproofing, dirt and moisture protection in transformers and high voltage windings<\/li>\n<\/ul>\n<\/div>\n\t\t<\/div>\n\t\t\t<\/div>\n\n\t\n<\/div>\n\t\t<\/div>\n\t\t\t<\/div>\n\n\t\n<\/div>\n\t\t<\/div>\n\n\t\t\n<style>\n#section_1937068873 {\n  padding-top: 0px;\n  padding-bottom: 0px;\n  min-height: 300px;\n  background-color: rgb(245, 245, 245);\n}\n#section_1937068873 .section-bg.bg-loaded {\n  background-image: url(https:\/\/www.tardigrade.com.tr\/wp-content\/uploads\/2019\/12\/section-bg.jpg);\n}\n@media (min-width:550px) {\n  #section_1937068873 {\n    padding-top: 0px;\n    padding-bottom: 0px;\n  }\n}\n@media (min-width:850px) {\n  #section_1937068873 {\n    padding-top: 0px;\n    padding-bottom: 0px;\n  }\n}\n<\/style>\n\t<\/section>\n\t\n<div class=\"row\"  id=\"row-446676986\">\n\n\t<div id=\"col-2010093416\" class=\"col small-12 large-12\"  data-animate=\"fadeInUp\">\n\t\t<div class=\"col-inner text-center\"  >\n\t\t\t\n\t\t\t\n<p>\n<a href=\"#test\" target=\"_self\" class=\"button primary\"  >\n    <span>REQUEST INFORMATION<\/span>\n  <\/a>\n\n\t<div id=\"test\"\n\t     class=\"lightbox-by-id lightbox-content mfp-hide lightbox-white \"\n\t     style=\"max-width:600px ;padding:20px\">\n\t\t<div role=\"form\" class=\"wpcf7\" id=\"wpcf7-f5-o1\" lang=\"tr-TR\" dir=\"ltr\">\n<div class=\"screen-reader-response\"><p role=\"status\" aria-live=\"polite\" aria-atomic=\"true\"><\/p> <ul><\/ul><\/div>\n<form action=\"\/en\/wp-json\/wp\/v2\/pages\/1377#wpcf7-f5-o1\" method=\"post\" class=\"wpcf7-form init\" novalidate=\"novalidate\" data-status=\"init\">\n<div style=\"display: none;\">\n<input type=\"hidden\" name=\"_wpcf7\" value=\"5\" \/>\n<input type=\"hidden\" name=\"_wpcf7_version\" value=\"5.4.2\" \/>\n<input type=\"hidden\" name=\"_wpcf7_locale\" value=\"tr_TR\" \/>\n<input type=\"hidden\" name=\"_wpcf7_unit_tag\" value=\"wpcf7-f5-o1\" \/>\n<input type=\"hidden\" name=\"_wpcf7_container_post\" value=\"0\" \/>\n<input type=\"hidden\" name=\"_wpcf7_posted_data_hash\" value=\"\" \/>\n<\/div>\n<p><label> Your Name (required)<br \/>\n    <span class=\"wpcf7-form-control-wrap your-name\"><input type=\"text\" name=\"your-name\" value=\"\" size=\"40\" class=\"wpcf7-form-control wpcf7-text wpcf7-validates-as-required\" aria-required=\"true\" aria-invalid=\"false\" \/><\/span> <\/label><\/p>\n<p><label> Your Email (required)<br \/>\n    <span class=\"wpcf7-form-control-wrap your-email\"><input type=\"email\" name=\"your-email\" value=\"\" size=\"40\" class=\"wpcf7-form-control wpcf7-text wpcf7-email wpcf7-validates-as-required wpcf7-validates-as-email\" aria-required=\"true\" aria-invalid=\"false\" \/><\/span> <\/label><\/p>\n<p><label> Subject<br \/>\n    <span class=\"wpcf7-form-control-wrap your-subject\"><input type=\"text\" name=\"your-subject\" value=\"\" size=\"40\" class=\"wpcf7-form-control wpcf7-text\" aria-invalid=\"false\" \/><\/span> <\/label><\/p>\n<p><label> Your Message<br \/>\n    <span class=\"wpcf7-form-control-wrap your-message\"><textarea name=\"your-message\" cols=\"40\" rows=\"10\" class=\"wpcf7-form-control wpcf7-textarea\" aria-invalid=\"false\"><\/textarea><\/span> <\/label><\/p>\n<p><input type=\"submit\" value=\"Send\" class=\"wpcf7-form-control wpcf7-submit\" \/><\/p>\n<div class=\"wpcf7-response-output\" aria-hidden=\"true\"><\/div><\/form><\/div>\t<\/div>\n\t\n\t\n\t\t<\/div>\n\t\t\t<\/div>\n\n\t\n<\/div>\n","protected":false},"excerpt":{"rendered":"","protected":false},"author":1,"featured_media":0,"parent":0,"menu_order":0,"comment_status":"closed","ping_status":"closed","template":"page-blank.php","meta":[],"_links":{"self":[{"href":"https:\/\/www.tardigrade.com.tr\/en\/wp-json\/wp\/v2\/pages\/1377"}],"collection":[{"href":"https:\/\/www.tardigrade.com.tr\/en\/wp-json\/wp\/v2\/pages"}],"about":[{"href":"https:\/\/www.tardigrade.com.tr\/en\/wp-json\/wp\/v2\/types\/page"}],"author":[{"embeddable":true,"href":"https:\/\/www.tardigrade.com.tr\/en\/wp-json\/wp\/v2\/users\/1"}],"replies":[{"embeddable":true,"href":"https:\/\/www.tardigrade.com.tr\/en\/wp-json\/wp\/v2\/comments?post=1377"}],"version-history":[{"count":14,"href":"https:\/\/www.tardigrade.com.tr\/en\/wp-json\/wp\/v2\/pages\/1377\/revisions"}],"predecessor-version":[{"id":4087,"href":"https:\/\/www.tardigrade.com.tr\/en\/wp-json\/wp\/v2\/pages\/1377\/revisions\/4087"}],"wp:attachment":[{"href":"https:\/\/www.tardigrade.com.tr\/en\/wp-json\/wp\/v2\/media?parent=1377"}],"curies":[{"name":"wp","href":"https:\/\/api.w.org\/{rel}","templated":true}]}}